{"id":36,"date":"2025-02-06T09:31:34","date_gmt":"2025-02-06T09:31:34","guid":{"rendered":"https:\/\/missyn.be\/a-propos-de-nous\/"},"modified":"2025-02-06T14:08:55","modified_gmt":"2025-02-06T14:08:55","slug":"a-propos-de-nous","status":"publish","type":"page","link":"https:\/\/missyn.be\/ro\/a-propos-de-nous\/","title":{"rendered":"Despre noi"},"content":{"rendered":"<h2>Moda \u00eentr-o lumin\u0103 nou\u0103<\/h2>\n<p>Missyn este un blog dedicat pasiona\u021bilor de mod\u0103, celor care caut\u0103 inspira\u021bie \u0219i sunt la curent cu cele mai recente tendin\u021be vestimentare. Fiecare articol de aici este conceput pentru a v\u0103 ghida prin lumea stilului, elegan\u021bei \u0219i originalit\u0103\u021bii.<\/p>\n<p><img loading=\"lazy\" decoding=\"async\" class=\"aligncenter wp-image-35 size-full\" src=\"https:\/\/missyn.be\/wp-content\/uploads\/2025\/02\/molodye-zhenshhiny-na-vecherinke-po-obmenu-povsednevnaya-odezhda-obuv-golovnye-ubory-sumki-ukrasheniya.jpg\" alt=\"\" width=\"612\" height=\"408\" srcset=\"https:\/\/missyn.be\/wp-content\/uploads\/2025\/02\/molodye-zhenshhiny-na-vecherinke-po-obmenu-povsednevnaya-odezhda-obuv-golovnye-ubory-sumki-ukrasheniya.jpg 612w, https:\/\/missyn.be\/wp-content\/uploads\/2025\/02\/molodye-zhenshhiny-na-vecherinke-po-obmenu-povsednevnaya-odezhda-obuv-golovnye-ubory-sumki-ukrasheniya-300x200.jpg 300w\" sizes=\"auto, (max-width: 612px) 100vw, 612px\" \/><\/p>\n<h2>De ce s\u0103 o urm\u0103re\u0219ti pe Missyn?<\/h2>\n<ul>\n<li>Analiza tendin\u021belor actuale \u0219i emergente.<\/li>\n<li>Sfaturi pentru a crea look-uri unice \u0219i elegante.<\/li>\n<li>Sfaturi de mod\u0103 pentru toate ocaziile.<\/li>\n<li>Descoper\u0103 branduri \u0219i designeri inovatori.<\/li>\n<li>Perspective asupra istoriei \u0219i evolu\u021biei modei.<\/li>\n<\/ul>\n<h2>Con\u021binut conceput pentru tine<\/h2>\n<p>Indiferent dac\u0103 e\u0219ti un iubitor de mod\u0103 sau un pasionat experimentat, Missyn \u00ee\u021bi ofer\u0103 o surs\u0103 constant\u0103 de inspira\u021bie. Fiecare articol este atent elaborat pentru a te ajuta s\u0103-\u021bi afirmi stilul, r\u0103m\u00e2n\u00e2nd \u00een acela\u0219i timp fidel\u0103 \u021bie \u00eensu\u021bi.<\/p>","protected":false},"excerpt":{"rendered":"<p>Moda \u00eentr-o lumin\u0103 nou\u0103. Missyn este un blog dedicat pasiona\u021bilor de mod\u0103, celor care caut\u0103 inspira\u021bie \u0219i doresc s\u0103 fie la curent cu nout\u0103\u021bile...<\/p>","protected":false},"author":1,"featured_media":0,"parent":0,"menu_order":0,"comment_status":"closed","ping_status":"closed","template":"","meta":{"_acf_changed":false,"footnotes":""},"class_list":["post-36","page","type-page","status-publish","hentry"],"acf":[],"yoast_head":"<!-- This site is optimized with the Yoast SEO plugin v23.2 - https:\/\/yoast.com\/wordpress\/plugins\/seo\/ -->\n<title>\u00c0 propos de nous - missyn.be<\/title>\n<meta name=\"description\" content=\"Explorez Missyn, un blog d\u00e9di\u00e9 \u00e0 la mode et aux tendances vestimentaires. Astuces, inspirations et conseils pour sublimer votre style.\" \/>\n<meta name=\"robots\" content=\"index, follow, max-snippet:-1, max-image-preview:large, max-video-preview:-1\" \/>\n<link rel=\"canonical\" href=\"https:\/\/missyn.be\/ro\/a-propos-de-nous\/\" \/>\n<meta property=\"og:locale\" content=\"ro_RO\" \/>\n<meta property=\"og:type\" content=\"article\" \/>\n<meta property=\"og:title\" content=\"\u00c0 propos de nous - missyn.be\" \/>\n<meta property=\"og:description\" content=\"Explorez Missyn, un blog d\u00e9di\u00e9 \u00e0 la mode et aux tendances vestimentaires. Astuces, inspirations et conseils pour sublimer votre style.\" \/>\n<meta property=\"og:url\" content=\"https:\/\/missyn.be\/ro\/a-propos-de-nous\/\" \/>\n<meta property=\"og:site_name\" content=\"missyn.be\" \/>\n<meta property=\"article:modified_time\" content=\"2025-02-06T14:08:55+00:00\" \/>\n<meta property=\"og:image\" content=\"https:\/\/missyn.be\/wp-content\/uploads\/2025\/02\/molodye-zhenshhiny-na-vecherinke-po-obmenu-povsednevnaya-odezhda-obuv-golovnye-ubory-sumki-ukrasheniya.jpg\" \/>\n<meta name=\"twitter:card\" content=\"summary_large_image\" \/>\n<meta name=\"twitter:label1\" content=\"Timp estimat pentru citire\" \/>\n\t<meta name=\"twitter:data1\" content=\"2 minute\" \/>\n<script type=\"application\/ld+json\" class=\"yoast-schema-graph\">{\"@context\":\"https:\/\/schema.org\",\"@graph\":[{\"@type\":\"WebPage\",\"@id\":\"https:\/\/missyn.be\/a-propos-de-nous\/\",\"url\":\"https:\/\/missyn.be\/a-propos-de-nous\/\",\"name\":\"\u00c0 propos de nous - missyn.be\",\"isPartOf\":{\"@id\":\"https:\/\/missyn.be\/#website\"},\"primaryImageOfPage\":{\"@id\":\"https:\/\/missyn.be\/a-propos-de-nous\/#primaryimage\"},\"image\":{\"@id\":\"https:\/\/missyn.be\/a-propos-de-nous\/#primaryimage\"},\"thumbnailUrl\":\"https:\/\/missyn.be\/wp-content\/uploads\/2025\/02\/molodye-zhenshhiny-na-vecherinke-po-obmenu-povsednevnaya-odezhda-obuv-golovnye-ubory-sumki-ukrasheniya.jpg\",\"datePublished\":\"2025-02-06T09:31:34+00:00\",\"dateModified\":\"2025-02-06T14:08:55+00:00\",\"description\":\"Explorez Missyn, un blog d\u00e9di\u00e9 \u00e0 la mode et aux tendances vestimentaires. Astuces, inspirations et conseils pour sublimer votre style.\",\"breadcrumb\":{\"@id\":\"https:\/\/missyn.be\/a-propos-de-nous\/#breadcrumb\"},\"inLanguage\":\"ro-RO\",\"potentialAction\":[{\"@type\":\"ReadAction\",\"target\":[\"https:\/\/missyn.be\/a-propos-de-nous\/\"]}]},{\"@type\":\"ImageObject\",\"inLanguage\":\"ro-RO\",\"@id\":\"https:\/\/missyn.be\/a-propos-de-nous\/#primaryimage\",\"url\":\"https:\/\/missyn.be\/wp-content\/uploads\/2025\/02\/molodye-zhenshhiny-na-vecherinke-po-obmenu-povsednevnaya-odezhda-obuv-golovnye-ubory-sumki-ukrasheniya.jpg\",\"contentUrl\":\"https:\/\/missyn.be\/wp-content\/uploads\/2025\/02\/molodye-zhenshhiny-na-vecherinke-po-obmenu-povsednevnaya-odezhda-obuv-golovnye-ubory-sumki-ukrasheniya.jpg\"},{\"@type\":\"BreadcrumbList\",\"@id\":\"https:\/\/missyn.be\/a-propos-de-nous\/#breadcrumb\",\"itemListElement\":[{\"@type\":\"ListItem\",\"position\":1,\"name\":\"Home\",\"item\":\"https:\/\/missyn.be\/\"},{\"@type\":\"ListItem\",\"position\":2,\"name\":\"\u00c0 propos de nous\"}]},{\"@type\":\"WebSite\",\"@id\":\"https:\/\/missyn.be\/#website\",\"url\":\"https:\/\/missyn.be\/\",\"name\":\"missyn.be\",\"description\":\"Guide Pratique | Toutes les tendances pour un look chic et moderne\",\"potentialAction\":[{\"@type\":\"SearchAction\",\"target\":{\"@type\":\"EntryPoint\",\"urlTemplate\":\"https:\/\/missyn.be\/?s={search_term_string}\"},\"query-input\":\"required name=search_term_string\"}],\"inLanguage\":\"ro-RO\"}]}<\/script>\n<!-- \/ Yoast SEO plugin. -->","yoast_head_json":{"title":"\u00c0 propos de nous - missyn.be","description":"Explorez Missyn, un blog d\u00e9di\u00e9 \u00e0 la mode et aux tendances vestimentaires. Astuces, inspirations et conseils pour sublimer votre style.","robots":{"index":"index","follow":"follow","max-snippet":"max-snippet:-1","max-image-preview":"max-image-preview:large","max-video-preview":"max-video-preview:-1"},"canonical":"https:\/\/missyn.be\/ro\/a-propos-de-nous\/","og_locale":"ro_RO","og_type":"article","og_title":"\u00c0 propos de nous - missyn.be","og_description":"Explorez Missyn, un blog d\u00e9di\u00e9 \u00e0 la mode et aux tendances vestimentaires. Astuces, inspirations et conseils pour sublimer votre style.","og_url":"https:\/\/missyn.be\/ro\/a-propos-de-nous\/","og_site_name":"missyn.be","article_modified_time":"2025-02-06T14:08:55+00:00","og_image":[{"url":"https:\/\/missyn.be\/wp-content\/uploads\/2025\/02\/molodye-zhenshhiny-na-vecherinke-po-obmenu-povsednevnaya-odezhda-obuv-golovnye-ubory-sumki-ukrasheniya.jpg"}],"twitter_card":"summary_large_image","twitter_misc":{"Timp estimat pentru citire":"2 minute"},"schema":{"@context":"https:\/\/schema.org","@graph":[{"@type":"WebPage","@id":"https:\/\/missyn.be\/a-propos-de-nous\/","url":"https:\/\/missyn.be\/a-propos-de-nous\/","name":"\u00c0 propos de nous - missyn.be","isPartOf":{"@id":"https:\/\/missyn.be\/#website"},"primaryImageOfPage":{"@id":"https:\/\/missyn.be\/a-propos-de-nous\/#primaryimage"},"image":{"@id":"https:\/\/missyn.be\/a-propos-de-nous\/#primaryimage"},"thumbnailUrl":"https:\/\/missyn.be\/wp-content\/uploads\/2025\/02\/molodye-zhenshhiny-na-vecherinke-po-obmenu-povsednevnaya-odezhda-obuv-golovnye-ubory-sumki-ukrasheniya.jpg","datePublished":"2025-02-06T09:31:34+00:00","dateModified":"2025-02-06T14:08:55+00:00","description":"Explorez Missyn, un blog d\u00e9di\u00e9 \u00e0 la mode et aux tendances vestimentaires. Astuces, inspirations et conseils pour sublimer votre style.","breadcrumb":{"@id":"https:\/\/missyn.be\/a-propos-de-nous\/#breadcrumb"},"inLanguage":"ro-RO","potentialAction":[{"@type":"ReadAction","target":["https:\/\/missyn.be\/a-propos-de-nous\/"]}]},{"@type":"ImageObject","inLanguage":"ro-RO","@id":"https:\/\/missyn.be\/a-propos-de-nous\/#primaryimage","url":"https:\/\/missyn.be\/wp-content\/uploads\/2025\/02\/molodye-zhenshhiny-na-vecherinke-po-obmenu-povsednevnaya-odezhda-obuv-golovnye-ubory-sumki-ukrasheniya.jpg","contentUrl":"https:\/\/missyn.be\/wp-content\/uploads\/2025\/02\/molodye-zhenshhiny-na-vecherinke-po-obmenu-povsednevnaya-odezhda-obuv-golovnye-ubory-sumki-ukrasheniya.jpg"},{"@type":"BreadcrumbList","@id":"https:\/\/missyn.be\/a-propos-de-nous\/#breadcrumb","itemListElement":[{"@type":"ListItem","position":1,"name":"Home","item":"https:\/\/missyn.be\/"},{"@type":"ListItem","position":2,"name":"\u00c0 propos de nous"}]},{"@type":"WebSite","@id":"https:\/\/missyn.be\/#website","url":"https:\/\/missyn.be\/","name":"missyn.be","description":"Guide Pratique | Toutes les tendances pour un look chic et moderne","potentialAction":[{"@type":"SearchAction","target":{"@type":"EntryPoint","urlTemplate":"https:\/\/missyn.be\/?s={search_term_string}"},"query-input":"required name=search_term_string"}],"inLanguage":"ro-RO"}]}},"yoast_meta":{"yoast_wpseo_title":"","yoast_wpseo_metadesc":"","yoast_wpseo_canonical":"https:\/\/missyn.be\/ro\/wp-json\/wp\/v2\/pages\/36"},"_links":{"self":[{"href":"https:\/\/missyn.be\/ro\/wp-json\/wp\/v2\/pages\/36","targetHints":{"allow":["GET"]}}],"collection":[{"href":"https:\/\/missyn.be\/ro\/wp-json\/wp\/v2\/pages"}],"about":[{"href":"https:\/\/missyn.be\/ro\/wp-json\/wp\/v2\/types\/page"}],"author":[{"embeddable":true,"href":"https:\/\/missyn.be\/ro\/wp-json\/wp\/v2\/users\/1"}],"replies":[{"embeddable":true,"href":"https:\/\/missyn.be\/ro\/wp-json\/wp\/v2\/comments?post=36"}],"version-history":[{"count":1,"href":"https:\/\/missyn.be\/ro\/wp-json\/wp\/v2\/pages\/36\/revisions"}],"predecessor-version":[{"id":45,"href":"https:\/\/missyn.be\/ro\/wp-json\/wp\/v2\/pages\/36\/revisions\/45"}],"wp:attachment":[{"href":"https:\/\/missyn.be\/ro\/wp-json\/wp\/v2\/media?parent=36"}],"curies":[{"name":"wp","href":"https:\/\/api.w.org\/{rel}","templated":true}]}}